{"id":4554,"date":"2026-03-28T13:13:20","date_gmt":"2026-03-28T05:13:20","guid":{"rendered":"https:\/\/belirollforming.com\/?page_id=4554"},"modified":"2026-03-28T13:27:11","modified_gmt":"2026-03-28T05:27:11","slug":"coil-calculator","status":"publish","type":"page","link":"https:\/\/belirollforming.com\/tr\/coil-calculator\/","title":{"rendered":"Bobin Hesap Makinesi"},"content":{"rendered":"<div data-elementor-type=\"wp-page\" data-elementor-id=\"4554\" class=\"elementor elementor-4554\" data-elementor-post-type=\"page\">\n\t\t\t\t<div data-particle_enable=\"false\" data-particle-mobile-disabled=\"false\" class=\"elementor-element elementor-element-5ff6d78 e-flex e-con-boxed e-con e-parent\" data-id=\"5ff6d78\" data-element_type=\"container\" data-e-type=\"container\">\n\t\t\t\t\t<div class=\"e-con-inner\">\n\t\t<div data-particle_enable=\"false\" data-particle-mobile-disabled=\"false\" class=\"elementor-element elementor-element-3b23ba2 e-con-full e-flex e-con e-child\" data-id=\"3b23ba2\" data-element_type=\"container\" data-e-type=\"container\">\n\t\t\t\t<div class=\"elementor-element elementor-element-2fa5a3f elementor-widget elementor-widget-text-editor\" data-id=\"2fa5a3f\" data-element_type=\"widget\" data-e-type=\"widget\" data-widget_type=\"text-editor.default\">\n\t\t\t\t\t\t\t\t\t<p>Welcome to the Beli Rollforming Coil Calculator. Designed for professionals in the metal forming industry, this tool takes the guesswork out of your coil specifications. Simply select your material, enter your base dimensions, and input one known variable (like Outer Diameter or Target Weight) to instantly calculate the rest.<\/p>\t\t\t\t\t\t\t\t<\/div>\n\t\t\t\t<div class=\"elementor-element elementor-element-927fd04 elementor-widget elementor-widget-image\" data-id=\"927fd04\" data-element_type=\"widget\" data-e-type=\"widget\" data-widget_type=\"image.default\">\n\t\t\t\t\t\t\t\t\t\t\t\t\t\t\t<img fetchpriority=\"high\" decoding=\"async\" data-attachment-id=\"4556\" data-permalink=\"https:\/\/belirollforming.com\/ar\/coil-calculator\/coil-scheme\/\" data-orig-file=\"https:\/\/i0.wp.com\/belirollforming.com\/wp-content\/uploads\/2026\/03\/coil-scheme.webp?fit=1092%2C560&amp;ssl=1\" data-orig-size=\"1092,560\" data-comments-opened=\"1\" data-image-meta=\"{&quot;aperture&quot;:&quot;0&quot;,&quot;credit&quot;:&quot;&quot;,&quot;camera&quot;:&quot;&quot;,&quot;caption&quot;:&quot;&quot;,&quot;created_timestamp&quot;:&quot;0&quot;,&quot;copyright&quot;:&quot;&quot;,&quot;focal_length&quot;:&quot;0&quot;,&quot;iso&quot;:&quot;0&quot;,&quot;shutter_speed&quot;:&quot;0&quot;,&quot;title&quot;:&quot;&quot;,&quot;orientation&quot;:&quot;0&quot;}\" data-image-title=\"coil-scheme\" data-image-description=\"\" data-image-caption=\"\" data-large-file=\"https:\/\/i0.wp.com\/belirollforming.com\/wp-content\/uploads\/2026\/03\/coil-scheme.webp?fit=1024%2C525&amp;ssl=1\" width=\"1024\" height=\"525\" src=\"https:\/\/i0.wp.com\/belirollforming.com\/wp-content\/uploads\/2026\/03\/coil-scheme.webp?fit=1024%2C525&amp;ssl=1\" class=\"attachment-large size-large wp-image-4556\" alt=\"Bobin Hesap Makinesi\" srcset=\"https:\/\/i0.wp.com\/belirollforming.com\/wp-content\/uploads\/2026\/03\/coil-scheme.webp?w=1092&amp;ssl=1 1092w, https:\/\/i0.wp.com\/belirollforming.com\/wp-content\/uploads\/2026\/03\/coil-scheme.webp?resize=300%2C154&amp;ssl=1 300w, https:\/\/i0.wp.com\/belirollforming.com\/wp-content\/uploads\/2026\/03\/coil-scheme.webp?resize=1024%2C525&amp;ssl=1 1024w, https:\/\/i0.wp.com\/belirollforming.com\/wp-content\/uploads\/2026\/03\/coil-scheme.webp?resize=768%2C394&amp;ssl=1 768w, https:\/\/i0.wp.com\/belirollforming.com\/wp-content\/uploads\/2026\/03\/coil-scheme.webp?resize=18%2C9&amp;ssl=1 18w, https:\/\/i0.wp.com\/belirollforming.com\/wp-content\/uploads\/2026\/03\/coil-scheme.webp?resize=600%2C308&amp;ssl=1 600w\" sizes=\"(max-width: 1024px) 100vw, 1024px\">\t\t\t\t\t\t\t\t\t\t\t\t\t\t\t<\/div>\n\t\t\t\t<div class=\"elementor-element elementor-element-ed0816c elementor-widget elementor-widget-html\" data-id=\"ed0816c\" data-element_type=\"widget\" data-e-type=\"widget\" data-widget_type=\"html.default\">\n\t\t\t\t\t<!DOCTYPE html>\r\n<html lang=\"en\">\r\n<head>\r\n<meta charset=\"UTF-8\">\r\n<meta name=\"viewport\" content=\"width=device-width, initial-scale=1.0\">\r\n<title>Beli Rollforming Coil Calculator<\/title>\r\n<style>\r\n  :root {\r\n    --primary: #0f4c81; \/* Beli Rollforming Brand Color (Adjustable) *\/\r\n    --gray-bg: #f8fafc;\r\n    --border: #cbd5e1;\r\n    --text: #334155;\r\n  }\r\n  * { box-sizing: border-box; font-family: 'Segoe UI', system-ui, sans-serif; }\r\n  .coil-calc-container {\r\n    max-width: 800px;\r\n    margin: 2rem auto;\r\n    padding: 2rem;\r\n    background: #ffffff;\r\n    border-radius: 12px;\r\n    box-shadow: 0 4px 6px -1px rgba(0, 0, 0, 0.1), 0 2px 4px -1px rgba(0, 0, 0, 0.06);\r\n    color: var(--text);\r\n  }\r\n  .coil-calc-header { text-align: center; margin-bottom: 2rem; }\r\n  .coil-calc-header h2 { margin: 0; color: var(--primary); font-size: 1.8rem; }\r\n  .coil-calc-header p { margin-top: 0.5rem; font-size: 0.95rem; color: #64748b; }\r\n  \r\n  .calc-grid { display: grid; grid-template-columns: 1fr 1fr; gap: 1.5rem; }\r\n  @media(max-width: 600px) { .calc-grid { grid-template-columns: 1fr; } }\r\n  \r\n  .input-group { display: flex; flex-direction: column; margin-bottom: 1rem; }\r\n  .input-group label { font-weight: 600; margin-bottom: 0.4rem; font-size: 0.9rem; }\r\n  .input-wrapper { display: flex; position: relative; }\r\n  .input-wrapper input, .input-wrapper select {\r\n    width: 100%; padding: 0.6rem 0.8rem;\r\n    border: 1px solid var(--border);\r\n    border-radius: 6px; font-size: 1rem;\r\n    outline: none; transition: border-color 0.2s;\r\n  }\r\n  .input-wrapper input:focus, .input-wrapper select:focus { border-color: var(--primary); }\r\n  .unit-addon {\r\n    position: absolute; right: 1px; top: 1px; bottom: 1px;\r\n    background: var(--gray-bg); padding: 0 0.8rem;\r\n    display: flex; align-items: center; justify-content: center;\r\n    border-left: 1px solid var(--border); border-radius: 0 6px 6px 0;\r\n    color: #64748b; font-size: 0.85rem; font-weight: 600;\r\n  }\r\n  \r\n  .calc-section-title {\r\n    grid-column: 1 \/ -1; margin-top: 1rem; margin-bottom: 0.5rem;\r\n    padding-bottom: 0.5rem; border-bottom: 2px solid var(--gray-bg);\r\n    font-size: 1.1rem; color: var(--primary); font-weight: bold;\r\n  }\r\n  .highlight-inputs { background: #f0fdf4; padding: 1rem; border-radius: 8px; border: 1px dashed #86efac; grid-column: 1 \/ -1; }\r\n  .highlight-inputs p { margin: 0 0 1rem 0; font-size: 0.85rem; color: #166534; font-weight: 600; }\r\n  .highlight-grid { display: grid; grid-template-columns: 1fr 1fr; gap: 1rem; }\r\n  @media(max-width: 600px) { .highlight-grid { grid-template-columns: 1fr; } }\r\n\r\n  .reset-btn {\r\n    grid-column: 1 \/ -1; background: var(--gray-bg); color: var(--text);\r\n    border: 1px solid var(--border); padding: 0.75rem; border-radius: 6px;\r\n    font-weight: bold; cursor: pointer; transition: 0.2s; margin-top: 1rem;\r\n  }\r\n  .reset-btn:hover { background: #e2e8f0; }\r\n<\/style>\r\n<\/head>\r\n<body>\r\n\r\n<div class=\"coil-calc-container\">\r\n  <div class=\"coil-calc-header\">\r\n    <h2>Bobin Hesap Makinesi<\/h2>\r\n    <p>Enter the base specifications, then fill in ONE of the green fields to calculate the rest.<\/p>\r\n  <\/div>\r\n\r\n  <div class=\"calc-grid\" id=\"coil-form\">\r\n    <div class=\"calc-section-title\">1. Base Specifications<\/div>\r\n    \r\n    <div class=\"input-group\">\r\n      <label>Malzeme<\/label>\r\n      <div class=\"input-wrapper\">\r\n        <select id=\"material\" onchange=\"updateDensity()\">\r\n          <option value=\"7.85\">Carbon Steel \/ Galvanized (7.85 g\/cm\u00b3)<\/option>\r\n          <option value=\"7.93\">Stainless Steel (7.93 g\/cm\u00b3)<\/option>\r\n          <option value=\"2.70\">Aluminium (2.70 g\/cm\u00b3)<\/option>\r\n          <option value=\"custom\">Custom Density...<\/option>\r\n        <\/select>\r\n      <\/div>\r\n    <\/div>\r\n\r\n    <div class=\"input-group\">\r\n      <label>Density<\/label>\r\n      <div class=\"input-wrapper\">\r\n        <input type=\"number\" id=\"density\" value=\"7.85\" step=\"0.01\" oninput=\"calculate('base')\">\r\n        <div class=\"unit-addon\">g\/cm\u00b3<\/div>\r\n      <\/div>\r\n    <\/div>\r\n\r\n    <div class=\"input-group\">\r\n      <label>Strip Thickness<\/label>\r\n      <div class=\"input-wrapper\">\r\n        <input type=\"number\" id=\"thickness\" value=\"1.0\" step=\"0.01\" oninput=\"calculate('base')\">\r\n        <div class=\"unit-addon\">mm<\/div>\r\n      <\/div>\r\n    <\/div>\r\n\r\n    <div class=\"input-group\">\r\n      <label>Strip Width<\/label>\r\n      <div class=\"input-wrapper\">\r\n        <input type=\"number\" id=\"width\" value=\"1000\" step=\"1\" oninput=\"calculate('base')\">\r\n        <div class=\"unit-addon\">mm<\/div>\r\n      <\/div>\r\n    <\/div>\r\n\r\n    <div class=\"input-group\">\r\n      <label>Inner Diameter<\/label>\r\n      <div class=\"input-wrapper\">\r\n        <select id=\"inner_diameter\" onchange=\"checkCustomID()\">\r\n          <option value=\"508\">508 mm (20\")<\/option>\r\n          <option value=\"610\">610 mm (24\")<\/option>\r\n          <option value=\"406\">406 mm (16\")<\/option>\r\n          <option value=\"custom\">Custom ID...<\/option>\r\n        <\/select>\r\n      <\/div>\r\n    <\/div>\r\n    \r\n    <div class=\"input-group\" id=\"custom_id_group\" style=\"display:none;\">\r\n      <label>Custom Inner Diameter<\/label>\r\n      <div class=\"input-wrapper\">\r\n        <input type=\"number\" id=\"custom_id\" value=\"508\" step=\"1\" oninput=\"calculate('base')\">\r\n        <div class=\"unit-addon\">mm<\/div>\r\n      <\/div>\r\n    <\/div>\r\n\r\n    <div class=\"highlight-inputs\">\r\n      <p>2. Enter ANY ONE of the fields below to instantly calculate the other three:<\/p>\r\n      <div class=\"highlight-grid\">\r\n        \r\n        <div class=\"input-group\">\r\n          <label>Outer Diameter<\/label>\r\n          <div class=\"input-wrapper\">\r\n            <input type=\"number\" id=\"outer_diameter\" placeholder=\"e.g. 1200\" oninput=\"calculate('od')\">\r\n            <div class=\"unit-addon\">mm<\/div>\r\n          <\/div>\r\n        <\/div>\r\n\r\n        <div class=\"input-group\">\r\n          <label>Bobin A\u011f\u0131rl\u0131\u011f\u0131<\/label>\r\n          <div class=\"input-wrapper\">\r\n            <input type=\"number\" id=\"weight\" placeholder=\"e.g. 5000\" oninput=\"calculate('weight')\">\r\n            <div class=\"unit-addon\">kg<\/div>\r\n          <\/div>\r\n        <\/div>\r\n\r\n        <div class=\"input-group\">\r\n          <label>Strip Length<\/label>\r\n          <div class=\"input-wrapper\">\r\n            <input type=\"number\" id=\"length\" placeholder=\"e.g. 636\" oninput=\"calculate('length')\">\r\n            <div class=\"unit-addon\">m<\/div>\r\n          <\/div>\r\n        <\/div>\r\n\r\n        <div class=\"input-group\">\r\n          <label>Weight per mm width<\/label>\r\n          <div class=\"input-wrapper\">\r\n            <input type=\"number\" id=\"weight_mm\" placeholder=\"e.g. 5.0\" oninput=\"calculate('weight_mm')\">\r\n            <div class=\"unit-addon\">kg\/mm<\/div>\r\n          <\/div>\r\n        <\/div>\r\n\r\n      <\/div>\r\n    <\/div>\r\n\r\n    <button class=\"reset-btn\" onclick=\"resetDynamicFields()\">Clear Results<\/button>\r\n\r\n  <\/div>\r\n<\/div>","protected":false},"excerpt":{"rendered":"<p>Welcome to the Beli Rollforming Coil Calculator. Designed for professionals in the metal forming industry, this tool takes the guesswork out of your coil specifications. Simply select your material, enter your base dimensions, and input one known variable (like Outer Diameter or Target Weight) to instantly calculate the rest. Beli Rollforming Coil Calculator Coil Calculator [&hellip;]<\/p>\n","protected":false},"author":136317769,"featured_media":0,"parent":0,"menu_order":0,"comment_status":"closed","ping_status":"closed","template":"","meta":{"_angie_page":false,"_gspb_post_css":"","_crdt_document":"","jetpack_post_was_ever_published":false,"footnotes":""},"class_list":["post-4554","page","type-page","status-publish","hentry"],"blocksy_meta":[],"jetpack_likes_enabled":true,"jetpack_sharing_enabled":true,"jetpack_shortlink":"https:\/\/wp.me\/PgM2Nx-1bs","jetpack-related-posts":[{"id":1898,"url":"https:\/\/belirollforming.com\/tr\/rulo-sekillendirme-makinesi-yardimci-ekipmanlari\/","url_meta":{"origin":4554,"position":0},"title":"Rulo \u015eekillendirme Makinesi Yard\u0131mc\u0131 Ekipmanlar\u0131","author":"Believe Industry Company","date":"Ekim 1, 2025","format":false,"excerpt":"Roll forming machine auxiliary equipment consists of various integrated units that support the main forming process to create a complete production line. \ud83e\uddbeKey components include a decoiler, which holds and unwinds the metal coil, and a straightener or leveler to ensure the material is flat before forming. Pre-punching or notching\u2026","rel":"","context":"Benzer yaz\u0131","block_context":{"text":"Benzer yaz\u0131","link":""},"img":{"alt_text":"roll forming machine Auxiliary equipment","src":"https:\/\/i0.wp.com\/belirollforming.com\/wp-content\/uploads\/2025\/09\/Auxiliary-equipment.webp?fit=1200%2C675&ssl=1&resize=350%2C200","width":350,"height":200,"srcset":"https:\/\/i0.wp.com\/belirollforming.com\/wp-content\/uploads\/2025\/09\/Auxiliary-equipment.webp?fit=1200%2C675&ssl=1&resize=350%2C200 1x, https:\/\/i0.wp.com\/belirollforming.com\/wp-content\/uploads\/2025\/09\/Auxiliary-equipment.webp?fit=1200%2C675&ssl=1&resize=525%2C300 1.5x, https:\/\/i0.wp.com\/belirollforming.com\/wp-content\/uploads\/2025\/09\/Auxiliary-equipment.webp?fit=1200%2C675&ssl=1&resize=700%2C400 2x, https:\/\/i0.wp.com\/belirollforming.com\/wp-content\/uploads\/2025\/09\/Auxiliary-equipment.webp?fit=1200%2C675&ssl=1&resize=1050%2C600 3x"},"classes":[]},{"id":488,"url":"https:\/\/belirollforming.com\/tr\/insaat-celik-yapi\/ag-panel-rulo-sekillendirme-makinesi\/","url_meta":{"origin":4554,"position":1},"title":"AG Panel Rulo \u015eekillendirme Makinesi","author":"Believe Industry Company","date":"Eyl\u00fcl 12, 2025","format":false,"excerpt":"Introducing the Next Generation AG Panel Roll Forming MachineWhy Choose Our AG Panel Roll Forming Machine?Applications and Advantages of AG PanelsKey Components and Technical SpecificationsDecoiler (Uncoiler)Feeding and Guiding DeviceMain Roll Forming SystemCutting DeviceHydraulic SystemPLC Control SystemRun-out TableDimensions and PowerAfter-Sales Support and Your InvestmentVideo Introducing the Next Generation AG Panel Roll\u2026","rel":"","context":"Benzer yaz\u0131","block_context":{"text":"Benzer yaz\u0131","link":""},"img":{"alt_text":"AG Panel Roll Forming Machine","src":"https:\/\/i0.wp.com\/belirollforming.com\/wp-content\/uploads\/2025\/09\/AG-Panel-Roll-Forming-Machine.jpg?fit=1200%2C675&ssl=1&resize=350%2C200","width":350,"height":200,"srcset":"https:\/\/i0.wp.com\/belirollforming.com\/wp-content\/uploads\/2025\/09\/AG-Panel-Roll-Forming-Machine.jpg?fit=1200%2C675&ssl=1&resize=350%2C200 1x, https:\/\/i0.wp.com\/belirollforming.com\/wp-content\/uploads\/2025\/09\/AG-Panel-Roll-Forming-Machine.jpg?fit=1200%2C675&ssl=1&resize=525%2C300 1.5x, https:\/\/i0.wp.com\/belirollforming.com\/wp-content\/uploads\/2025\/09\/AG-Panel-Roll-Forming-Machine.jpg?fit=1200%2C675&ssl=1&resize=700%2C400 2x, https:\/\/i0.wp.com\/belirollforming.com\/wp-content\/uploads\/2025\/09\/AG-Panel-Roll-Forming-Machine.jpg?fit=1200%2C675&ssl=1&resize=1050%2C600 3x"},"classes":[]},{"id":395,"url":"https:\/\/belirollforming.com\/tr\/insaat-celik-yapi\/","url_meta":{"origin":4554,"position":2},"title":"\u0130n\u015faat ve \u00c7elik Yap\u0131","author":"Believe Industry Company","date":"Eyl\u00fcl 5, 2025","format":false,"excerpt":"Roll forming machines are sophisticated industrial equipment that play a pivotal role in the modern construction and steel structure industries. At their core, these machines are designed to continuously shape flat metal sheets or coils into specific, uniform cross-sectional profiles through a series of precisely engineered rollers. This process, known\u2026","rel":"","context":"Benzer yaz\u0131","block_context":{"text":"Benzer yaz\u0131","link":""},"img":{"alt_text":"ibr roofing sheet machine installed in SA","src":"https:\/\/i0.wp.com\/belirollforming.com\/wp-content\/uploads\/2025\/09\/ibr-roofing-sheet-machine-installed-in-SA-1.jpg?resize=350%2C200&ssl=1","width":350,"height":200,"srcset":"https:\/\/i0.wp.com\/belirollforming.com\/wp-content\/uploads\/2025\/09\/ibr-roofing-sheet-machine-installed-in-SA-1.jpg?resize=350%2C200&ssl=1 1x, https:\/\/i0.wp.com\/belirollforming.com\/wp-content\/uploads\/2025\/09\/ibr-roofing-sheet-machine-installed-in-SA-1.jpg?resize=525%2C300&ssl=1 1.5x, https:\/\/i0.wp.com\/belirollforming.com\/wp-content\/uploads\/2025\/09\/ibr-roofing-sheet-machine-installed-in-SA-1.jpg?resize=700%2C400&ssl=1 2x, https:\/\/i0.wp.com\/belirollforming.com\/wp-content\/uploads\/2025\/09\/ibr-roofing-sheet-machine-installed-in-SA-1.jpg?resize=1050%2C600&ssl=1 3x, https:\/\/i0.wp.com\/belirollforming.com\/wp-content\/uploads\/2025\/09\/ibr-roofing-sheet-machine-installed-in-SA-1.jpg?resize=1400%2C800&ssl=1 4x"},"classes":[]},{"id":3570,"url":"https:\/\/belirollforming.com\/tr\/dikme-kanali-rulo-sekillendirme-makinesi-video-arizasi\/","url_meta":{"origin":4554,"position":3},"title":"Strut Kanal Rulo \u015eekillendirme Makinesi Videosu: 5 Temel Bile\u015fen A\u00e7\u0131kland\u0131","author":"Believe Industry Company","date":"Kas\u0131m 21, 2025","format":false,"excerpt":"Strut Channel Roll Forming Machine Video: 5 Key Components Exposed https:\/\/videos.files.wordpress.com\/42IIisLf\/strut-channel-roll-forming-machine-in-us.mp4#t=,130To truly understand the quality of a production line, you need to see the details. Our latest strut channel roll forming machine video takes you on a step-by-step tour of the entire manufacturing process. At Beli RollForming, we design our\u2026","rel":"","context":"Benzer yaz\u0131","block_context":{"text":"Benzer yaz\u0131","link":""},"img":{"alt_text":"","src":"https:\/\/i0.wp.com\/belirollforming.com\/wp-content\/uploads\/2025\/11\/uni-strut-channel-roll-forming-machine.webp?fit=1200%2C900&ssl=1&resize=350%2C200","width":350,"height":200,"srcset":"https:\/\/i0.wp.com\/belirollforming.com\/wp-content\/uploads\/2025\/11\/uni-strut-channel-roll-forming-machine.webp?fit=1200%2C900&ssl=1&resize=350%2C200 1x, https:\/\/i0.wp.com\/belirollforming.com\/wp-content\/uploads\/2025\/11\/uni-strut-channel-roll-forming-machine.webp?fit=1200%2C900&ssl=1&resize=525%2C300 1.5x, https:\/\/i0.wp.com\/belirollforming.com\/wp-content\/uploads\/2025\/11\/uni-strut-channel-roll-forming-machine.webp?fit=1200%2C900&ssl=1&resize=700%2C400 2x, https:\/\/i0.wp.com\/belirollforming.com\/wp-content\/uploads\/2025\/11\/uni-strut-channel-roll-forming-machine.webp?fit=1200%2C900&ssl=1&resize=1050%2C600 3x"},"classes":[]},{"id":1491,"url":"https:\/\/belirollforming.com\/tr\/enerji-ve-elektrik\/","url_meta":{"origin":4554,"position":4},"title":"Enerji ve Elektrik","author":"Believe Industry Company","date":"Eyl\u00fcl 19, 2025","format":false,"excerpt":"Roll Forming Machine for Energy and Electric Believe Industry's designers, engineers, and manufactures collaborate to produce quality roll forming machine for\u00a0 energy and electric industryOur product line includes solid and basic manufacturing lines in the Workhorse Series, as well as more advanced options in our professional series of roll forming\u2026","rel":"","context":"Benzer yaz\u0131","block_context":{"text":"Benzer yaz\u0131","link":""},"img":{"alt_text":"Cable Tray Roll Forming Machine","src":"https:\/\/i0.wp.com\/belirollforming.com\/wp-content\/uploads\/2025\/09\/cable-tray-roll-forming-machine-300x225.webp?resize=350%2C200&ssl=1","width":350,"height":200},"classes":[]},{"id":2326,"url":"https:\/\/belirollforming.com\/tr\/yagmur-olugu-sistemi\/","url_meta":{"origin":4554,"position":5},"title":"Ya\u011fmur Oluk Sistemi","author":"Believe Industry Company","date":"Ekim 13, 2025","format":false,"excerpt":"Believe Industry\u2019s designers, engineers, and manufactures collaborate to produce quality roll forming equipment for rain gutter system Our product line includes solid and basic manufacturing lines in the Workhorse Series, as well as more advanced options in our professional series of roll forming machines for half round\/square gutter, round\/ rectangle\u2026","rel":"","context":"Benzer yaz\u0131","block_context":{"text":"Benzer yaz\u0131","link":""},"img":{"alt_text":"roll forming machine Auxiliary equipment","src":"https:\/\/i0.wp.com\/belirollforming.com\/wp-content\/uploads\/2025\/09\/Auxiliary-equipment.webp?fit=1200%2C675&ssl=1&resize=350%2C200","width":350,"height":200,"srcset":"https:\/\/i0.wp.com\/belirollforming.com\/wp-content\/uploads\/2025\/09\/Auxiliary-equipment.webp?fit=1200%2C675&ssl=1&resize=350%2C200 1x, https:\/\/i0.wp.com\/belirollforming.com\/wp-content\/uploads\/2025\/09\/Auxiliary-equipment.webp?fit=1200%2C675&ssl=1&resize=525%2C300 1.5x, https:\/\/i0.wp.com\/belirollforming.com\/wp-content\/uploads\/2025\/09\/Auxiliary-equipment.webp?fit=1200%2C675&ssl=1&resize=700%2C400 2x, https:\/\/i0.wp.com\/belirollforming.com\/wp-content\/uploads\/2025\/09\/Auxiliary-equipment.webp?fit=1200%2C675&ssl=1&resize=1050%2C600 3x"},"classes":[]}],"_links":{"self":[{"href":"https:\/\/belirollforming.com\/tr\/wp-json\/wp\/v2\/pages\/4554","targetHints":{"allow":["GET"]}}],"collection":[{"href":"https:\/\/belirollforming.com\/tr\/wp-json\/wp\/v2\/pages"}],"about":[{"href":"https:\/\/belirollforming.com\/tr\/wp-json\/wp\/v2\/types\/page"}],"author":[{"embeddable":true,"href":"https:\/\/belirollforming.com\/tr\/wp-json\/wp\/v2\/users\/136317769"}],"replies":[{"embeddable":true,"href":"https:\/\/belirollforming.com\/tr\/wp-json\/wp\/v2\/comments?post=4554"}],"version-history":[{"count":15,"href":"https:\/\/belirollforming.com\/tr\/wp-json\/wp\/v2\/pages\/4554\/revisions"}],"predecessor-version":[{"id":4571,"href":"https:\/\/belirollforming.com\/tr\/wp-json\/wp\/v2\/pages\/4554\/revisions\/4571"}],"wp:attachment":[{"href":"https:\/\/belirollforming.com\/tr\/wp-json\/wp\/v2\/media?parent=4554"}],"curies":[{"name":"wp","href":"https:\/\/api.w.org\/{rel}","templated":true}]}}