{"id":2386,"date":"2025-10-15T19:54:12","date_gmt":"2025-10-15T11:54:12","guid":{"rendered":"https:\/\/belirollforming.com\/?post_type=product&#038;p=2386"},"modified":"2025-12-02T08:00:08","modified_gmt":"2025-12-02T00:00:08","slug":"maquina-de-perfilagem-de-deck-de-1-polegada","status":"publish","type":"product","link":"https:\/\/belirollforming.com\/pt\/product\/1-inch-b-deck-roll-forming-machine\/","title":{"rendered":"M\u00e1quina de perfilagem de deck B de 1 polegada"},"content":{"rendered":"<div data-elementor-type=\"product-post\" data-elementor-id=\"2386\" class=\"elementor elementor-2386\" data-elementor-post-type=\"product\">\n\t\t\t\t<div data-particle_enable=\"false\" data-particle-mobile-disabled=\"false\" class=\"elementor-element elementor-element-f2a96a0 e-flex e-con-boxed e-con e-parent\" data-id=\"f2a96a0\" data-element_type=\"container\" data-e-type=\"container\">\n\t\t\t\t\t<div class=\"e-con-inner\">\n\t\t\t\t<div class=\"elementor-element elementor-element-26cddfd elementor-widget elementor-widget-heading\" data-id=\"26cddfd\" data-element_type=\"widget\" data-e-type=\"widget\" data-widget_type=\"heading.default\">\n\t\t\t\t\t<h2 class=\"elementor-heading-title elementor-size-default\">M\u00e1quina de perfilagem de lamina\u00e7\u00e3o de 1 polegada (25,4 mm): Produ\u00e7\u00e3o de precis\u00e3o para constru\u00e7\u00e3o comercial.<\/h2>\t\t\t\t<\/div>\n\t\t\t\t<div class=\"elementor-element elementor-element-0283b43 elementor-widget elementor-widget-text-editor\" data-id=\"0283b43\" data-element_type=\"widget\" data-e-type=\"widget\" data-widget_type=\"text-editor.default\">\n\t\t\t\t\t\t\t\t\t<p>A Beli RollForming, fabricante e exportadora de m\u00e1quinas de perfilagem de confian\u00e7a na China, apresenta o(a)...<strong>M\u00e1quina de perfilagem de deck B de 1 polegada (<\/strong>tamb\u00e9m conhecida como M\u00e1quina de Conforma\u00e7\u00e3o de Perfis de 1&quot; B<strong>)<\/strong>\u2014uma solu\u00e7\u00e3o de alta velocidade para a produ\u00e7\u00e3o de pain\u00e9is de a\u00e7o tipo B de 1 polegada de espessura, dur\u00e1veis e resistentes. Projetada para empreiteiros e fabricantes, esta m\u00e1quina combina automa\u00e7\u00e3o com precis\u00e3o para atender \u00e0s demandas de projetos modernos de cobertura e constru\u00e7\u00e3o.<\/p>\t\t\t\t\t\t\t\t<\/div>\n\t\t\t\t<div class=\"elementor-element elementor-element-604c7aa elementor-widget elementor-widget-heading\" data-id=\"604c7aa\" data-element_type=\"widget\" data-e-type=\"widget\" data-widget_type=\"heading.default\">\n\t\t\t\t\t<h2 class=\"elementor-heading-title elementor-size-default\">O que produz a m\u00e1quina de perfilagem de perfis B de 1 polegada?<\/h2>\t\t\t\t<\/div>\n\t\t\t\t<div class=\"elementor-element elementor-element-5365893 elementor-widget elementor-widget-text-editor\" data-id=\"5365893\" data-element_type=\"widget\" data-e-type=\"widget\" data-widget_type=\"text-editor.default\">\n\t\t\t\t\t\t\t\t\t<p>A m\u00e1quina \u00e9 especializada na fabrica\u00e7\u00e3o de...<strong>Pain\u00e9is de a\u00e7o de 1 polegada para deck B<\/strong>, que serve como op\u00e7\u00e3o preferencial para uma variedade de projetos de coberturas comerciais de baixa altura. No entanto, pode n\u00e3o ser adequado para aplica\u00e7\u00f5es que exigem cargas mais pesadas ou maior desempenho estrutural.<\/p>\t\t\t\t\t\t\t\t<\/div>\n\t\t\t\t<div class=\"elementor-element elementor-element-9fe904b elementor-widget elementor-widget-image\" data-id=\"9fe904b\" data-element_type=\"widget\" data-e-type=\"widget\" data-widget_type=\"image.default\">\n\t\t\t\t\t\t\t\t\t\t\t\t\t\t\t<img fetchpriority=\"high\" decoding=\"async\" data-attachment-id=\"2391\" data-permalink=\"https:\/\/belirollforming.com\/?attachment_id=2391\" data-orig-file=\"https:\/\/i0.wp.com\/belirollforming.com\/wp-content\/uploads\/2025\/10\/B-Deck-Profile-Drawing.webp?fit=1000%2C250&amp;ssl=1\" data-orig-size=\"1000,250\" data-comments-opened=\"1\" data-image-meta=\"{&quot;aperture&quot;:&quot;0&quot;,&quot;credit&quot;:&quot;&quot;,&quot;camera&quot;:&quot;&quot;,&quot;caption&quot;:&quot;&quot;,&quot;created_timestamp&quot;:&quot;0&quot;,&quot;copyright&quot;:&quot;&quot;,&quot;focal_length&quot;:&quot;0&quot;,&quot;iso&quot;:&quot;0&quot;,&quot;shutter_speed&quot;:&quot;0&quot;,&quot;title&quot;:&quot;&quot;,&quot;orientation&quot;:&quot;0&quot;}\" data-image-title=\"B Deck Profile Drawing\" data-image-description=\"\" data-image-caption=\"\" data-large-file=\"https:\/\/i0.wp.com\/belirollforming.com\/wp-content\/uploads\/2025\/10\/B-Deck-Profile-Drawing.webp?fit=1000%2C250&amp;ssl=1\" width=\"1000\" height=\"250\" src=\"https:\/\/i0.wp.com\/belirollforming.com\/wp-content\/uploads\/2025\/10\/B-Deck-Profile-Drawing.webp?fit=1000%2C250&amp;ssl=1\" class=\"elementor-animation-grow attachment-large size-large wp-image-2391\" alt=\"\" srcset=\"https:\/\/i0.wp.com\/belirollforming.com\/wp-content\/uploads\/2025\/10\/B-Deck-Profile-Drawing.webp?w=1000&amp;ssl=1 1000w, https:\/\/i0.wp.com\/belirollforming.com\/wp-content\/uploads\/2025\/10\/B-Deck-Profile-Drawing.webp?resize=300%2C75&amp;ssl=1 300w, https:\/\/i0.wp.com\/belirollforming.com\/wp-content\/uploads\/2025\/10\/B-Deck-Profile-Drawing.webp?resize=768%2C192&amp;ssl=1 768w, https:\/\/i0.wp.com\/belirollforming.com\/wp-content\/uploads\/2025\/10\/B-Deck-Profile-Drawing.webp?resize=600%2C150&amp;ssl=1 600w\" sizes=\"(max-width: 1000px) 100vw, 1000px\">\t\t\t\t\t\t\t\t\t\t\t\t\t\t\t<\/div>\n\t\t\t\t<div class=\"elementor-element elementor-element-14a3d8d elementor-widget elementor-widget-heading\" data-id=\"14a3d8d\" data-element_type=\"widget\" data-e-type=\"widget\" data-widget_type=\"heading.default\">\n\t\t\t\t\t<h2 class=\"elementor-heading-title elementor-size-default\">Componentes principais da m\u00e1quina de perfilagem de perfis de 1 polegada (25,4 mm)<\/h2>\t\t\t\t<\/div>\n\t\t\t\t<div class=\"elementor-element elementor-element-d7d95c7 elementor-widget elementor-widget-text-editor\" data-id=\"d7d95c7\" data-element_type=\"widget\" data-e-type=\"widget\" data-widget_type=\"text-editor.default\">\n\t\t\t\t\t\t\t\t\t<p>Nossa m\u00e1quina apresenta componentes robustos e modulares para m\u00e1ximo tempo de atividade:<\/p><ol class=\"ybc-ol-component ybc-ol-component_1\"><li class=\"ybc-li-component ybc-li-component_ol\"><p><strong>Desbobinador<\/strong>Manipula bobinas de at\u00e9 10 toneladas com expans\u00e3o hidr\u00e1ulica para alimenta\u00e7\u00e3o est\u00e1vel.<\/p><\/li><li class=\"ybc-li-component ybc-li-component_ol\"><p><strong>Sistema de alimenta\u00e7\u00e3o<\/strong>Alinha bobinas de a\u00e7o com precis\u00e3o para evitar travamentos.<\/p><\/li><li class=\"ybc-li-component ybc-li-component_ol\"><p><strong>Esta\u00e7\u00f5es de conforma\u00e7\u00e3o de rolos<\/strong>: 20 a 24 rolos de a\u00e7o temperado para moldar o conv\u00e9s em um perfil B de 1 polegada.<\/p><\/li><li class=\"ybc-li-component ybc-li-component_ol\"><p><strong>Unidade de corte<\/strong>Tesoura hidr\u00e1ulica voadora antes da conforma\u00e7\u00e3o por rolos para cortes de comprimento precisos (toler\u00e2ncia: \u00b11 mm) e velocidade de at\u00e9 80-100 p\u00e9s por minuto.<\/p><\/li><li class=\"ybc-li-component ybc-li-component_ol\"><p><strong>Painel de controle PLC<\/strong>Interface touchscreen para ajuste de velocidade e monitoramento da produ\u00e7\u00e3o.<\/p><\/li><\/ol>\t\t\t\t\t\t\t\t<\/div>\n\t\t\t\t<div class=\"elementor-element elementor-element-471afa8 elementor-widget elementor-widget-heading\" data-id=\"471afa8\" data-element_type=\"widget\" data-e-type=\"widget\" data-widget_type=\"heading.default\">\n\t\t\t\t\t<h2 class=\"elementor-heading-title elementor-size-default\">Especifica\u00e7\u00f5es da m\u00e1quina de perfilagem de rolos de 1 polegada (25,4 mm)<\/h2>\t\t\t\t<\/div>\n\t\t\t\t<div class=\"elementor-element elementor-element-f39166c elementor-widget elementor-widget-text-editor\" data-id=\"f39166c\" data-element_type=\"widget\" data-e-type=\"widget\" data-widget_type=\"text-editor.default\">\n\t\t\t\t\t\t\t\t\t<p>Escolha entre recursos padr\u00e3o ou opcionais para atender \u00e0s suas necessidades de produ\u00e7\u00e3o:<\/p>\t\t\t\t\t\t\t\t<\/div>\n\t\t\t\t<div class=\"elementor-element elementor-element-0bc34ab eael-table-align-center eael-dt-th-align-left elementor-widget elementor-widget-eael-data-table\" data-id=\"0bc34ab\" data-element_type=\"widget\" data-e-type=\"widget\" data-widget_type=\"eael-data-table.default\">\n\t\t\t\t\t\t\t<div class=\"eael-data-table-wrap\" data-table_id=\"0bc34ab\" id=\"eael-data-table-wrapper-0bc34ab\" data-custom_responsive=\"false\">\n\t\t\t<table class=\"tablesorter eael-data-table center\" id=\"eael-data-table-0bc34ab\">\n\t\t\t    <thead>\n\t\t\t        <tr class=\"table-header\">\n\t\t\t\t\t\t\t\t\t            <th class=\"sorting\" id=\"\" colspan=\"\">\n\t\t\t\t\t\t\t\t\t\t\t\t\t\t<span class=\"data-table-header-text\">Par\u00e2metro<\/span><\/th>\n\t\t\t        \t\t\t\t            <th class=\"sorting\" id=\"\" colspan=\"\">\n\t\t\t\t\t\t\t\t\t\t\t\t\t\t<span class=\"data-table-header-text\">Padr\u00e3o<\/span><\/th>\n\t\t\t        \t\t\t\t            <th class=\"sorting\" id=\"\" colspan=\"\">\n\t\t\t\t\t\t\t\t\t\t\t\t\t\t<span class=\"data-table-header-text\">Opcional<\/span><\/th>\n\t\t\t        \t\t\t\t        <\/tr>\n\t\t\t    <\/thead>\n\t\t\t  \t<tbody>\n\t\t\t\t\t\t\t\t\t\t\t<tr>\n\t\t\t\t\t\t\t\t\t\t\t\t\t\t\t\t   \t\t\t\t\t\t\t\t\t\t\t<td colspan=\"\" rowspan=\"\" class=\"\" id=\"\">\n\t\t\t\t\t\t\t\t\t\t\t\t<div class=\"td-content-wrapper\"><div class=\"td-content\">\n\t\t\t\t\t\t\t\t\t\t\t\t\tEspessura do material\t\t\t\t\t\t\t\t\t\t\t\t<\/div><\/div>\n\t\t\t\t\t\t\t\t\t\t\t<\/td>\n\t\t\t\t\t\t\t\t\t\t\t\t\t\t\t\t\t\t\t\t\t\t\t\t\t\t\t\t\t   \t\t\t\t\t\t\t\t\t\t\t<td colspan=\"\" rowspan=\"\" class=\"\" id=\"\">\n\t\t\t\t\t\t\t\t\t\t\t\t<div class=\"td-content-wrapper\"><div class=\"td-content\">\n\t\t\t\t\t\t\t\t\t\t\t\t\t0,5-0,8 mm (calibre 21-26)\t\t\t\t\t\t\t\t\t\t\t\t<\/div><\/div>\n\t\t\t\t\t\t\t\t\t\t\t<\/td>\n\t\t\t\t\t\t\t\t\t\t\t\t\t\t\t\t\t\t\t\t\t\t\t\t\t\t\t\t\t   \t\t\t\t\t\t\t\t\t\t\t<td colspan=\"\" rowspan=\"\" class=\"\" id=\"\">\n\t\t\t\t\t\t\t\t\t\t\t\t<div class=\"td-content-wrapper\"><div class=\"td-content\">\n\t\t\t\t\t\t\t\t\t\t\t\t\t0,8-1,2 mm (calibre 19-21)\t\t\t\t\t\t\t\t\t\t\t\t<\/div><\/div>\n\t\t\t\t\t\t\t\t\t\t\t<\/td>\n\t\t\t\t\t\t\t\t\t\t\t\t\t\t\t\t\t\t\t\t\t\t\t\t\t\t<\/tr>\n\t\t\t        \t\t\t\t\t\t<tr>\n\t\t\t\t\t\t\t\t\t\t\t\t\t\t\t\t   \t\t\t\t\t\t\t\t\t\t\t<td colspan=\"\" rowspan=\"\" class=\"\" id=\"\">\n\t\t\t\t\t\t\t\t\t\t\t\t<div class=\"td-content-wrapper\"><div class=\"td-content\">\n\t\t\t\t\t\t\t\t\t\t\t\t\tLargura da cobertura\t\t\t\t\t\t\t\t\t\t\t\t<\/div><\/div>\n\t\t\t\t\t\t\t\t\t\t\t<\/td>\n\t\t\t\t\t\t\t\t\t\t\t\t\t\t\t\t\t\t\t\t\t\t\t\t\t\t\t\t\t   \t\t\t\t\t\t\t\t\t\t\t<td colspan=\"\" rowspan=\"\" class=\"\" id=\"\">\n\t\t\t\t\t\t\t\t\t\t\t\t<div class=\"td-content-wrapper\"><div class=\"td-content\">\n\t\t\t\t\t\t\t\t\t\t\t\t\t914 mm (36\u2033)\t\t\t\t\t\t\t\t\t\t\t\t<\/div><\/div>\n\t\t\t\t\t\t\t\t\t\t\t<\/td>\n\t\t\t\t\t\t\t\t\t\t\t\t\t\t\t\t\t\t\t\t\t\t\t\t\t\t\t\t\t   \t\t\t\t\t\t\t\t\t\t\t<td colspan=\"\" rowspan=\"\" class=\"\" id=\"\">\n\t\t\t\t\t\t\t\t\t\t\t\t<div class=\"td-content-wrapper\"><div class=\"td-content\">\n\t\t\t\t\t\t\t\t\t\t\t\t\t1000 mm (40\u2033)\t\t\t\t\t\t\t\t\t\t\t\t<\/div><\/div>\n\t\t\t\t\t\t\t\t\t\t\t<\/td>\n\t\t\t\t\t\t\t\t\t\t\t\t\t\t\t\t\t\t\t\t\t\t\t\t\t\t<\/tr>\n\t\t\t        \t\t\t\t\t\t<tr>\n\t\t\t\t\t\t\t\t\t\t\t\t\t\t\t\t   \t\t\t\t\t\t\t\t\t\t\t<td colspan=\"\" rowspan=\"\" class=\"\" id=\"\">\n\t\t\t\t\t\t\t\t\t\t\t\t<div class=\"td-content-wrapper\"><div class=\"td-content\">\n\t\t\t\t\t\t\t\t\t\t\t\t\tVelocidade de produ\u00e7\u00e3o\t\t\t\t\t\t\t\t\t\t\t\t<\/div><\/div>\n\t\t\t\t\t\t\t\t\t\t\t<\/td>\n\t\t\t\t\t\t\t\t\t\t\t\t\t\t\t\t\t\t\t\t\t\t\t\t\t\t\t\t\t   \t\t\t\t\t\t\t\t\t\t\t<td colspan=\"\" rowspan=\"\" class=\"\" id=\"\">\n\t\t\t\t\t\t\t\t\t\t\t\t<div class=\"td-content-wrapper\"><div class=\"td-content\">\n\t\t\t\t\t\t\t\t\t\t\t\t\t12-15 m\/min (40-50 p\u00e9s\/min)\t\t\t\t\t\t\t\t\t\t\t\t<\/div><\/div>\n\t\t\t\t\t\t\t\t\t\t\t<\/td>\n\t\t\t\t\t\t\t\t\t\t\t\t\t\t\t\t\t\t\t\t\t\t\t\t\t\t\t\t\t   \t\t\t\t\t\t\t\t\t\t\t<td colspan=\"\" rowspan=\"\" class=\"\" id=\"\">\n\t\t\t\t\t\t\t\t\t\t\t\t<div class=\"td-content-wrapper\"><div class=\"td-content\">\n\t\t\t\t\t\t\t\t\t\t\t\t\t24-30 m\/min (80-100 FPM)\t\t\t\t\t\t\t\t\t\t\t\t<\/div><\/div>\n\t\t\t\t\t\t\t\t\t\t\t<\/td>\n\t\t\t\t\t\t\t\t\t\t\t\t\t\t\t\t\t\t\t\t\t\t\t\t\t\t<\/tr>\n\t\t\t        \t\t\t\t\t\t<tr>\n\t\t\t\t\t\t\t\t\t\t\t\t\t\t\t\t   \t\t\t\t\t\t\t\t\t\t\t<td colspan=\"\" rowspan=\"\" class=\"\" id=\"\">\n\t\t\t\t\t\t\t\t\t\t\t\t<div class=\"td-content-wrapper\"><div class=\"td-content\">\n\t\t\t\t\t\t\t\t\t\t\t\t\tPot\u00eancia\t\t\t\t\t\t\t\t\t\t\t\t<\/div><\/div>\n\t\t\t\t\t\t\t\t\t\t\t<\/td>\n\t\t\t\t\t\t\t\t\t\t\t\t\t\t\t\t\t\t\t\t\t\t\t\t\t\t\t\t\t   \t\t\t\t\t\t\t\t\t\t\t<td colspan=\"\" rowspan=\"\" class=\"\" id=\"\">\n\t\t\t\t\t\t\t\t\t\t\t\t<div class=\"td-content-wrapper\"><div class=\"td-content\">\n\t\t\t\t\t\t\t\t\t\t\t\t\t7,5 kW (10 HP)\t\t\t\t\t\t\t\t\t\t\t\t<\/div><\/div>\n\t\t\t\t\t\t\t\t\t\t\t<\/td>\n\t\t\t\t\t\t\t\t\t\t\t\t\t\t\t\t\t\t\t\t\t\t\t\t\t\t\t\t\t   \t\t\t\t\t\t\t\t\t\t\t<td colspan=\"\" rowspan=\"\" class=\"\" id=\"\">\n\t\t\t\t\t\t\t\t\t\t\t\t<div class=\"td-content-wrapper\"><div class=\"td-content\">\n\t\t\t\t\t\t\t\t\t\t\t\t\t11 kW (15 HP)\t\t\t\t\t\t\t\t\t\t\t\t<\/div><\/div>\n\t\t\t\t\t\t\t\t\t\t\t<\/td>\n\t\t\t\t\t\t\t\t\t\t\t\t\t\t\t\t\t\t\t\t\t\t\t\t\t\t<\/tr>\n\t\t\t        \t\t\t\t\t\t<tr>\n\t\t\t\t\t\t\t\t\t\t\t\t\t\t\t\t   \t\t\t\t\t\t\t\t\t\t\t<td colspan=\"\" rowspan=\"\" class=\"\" id=\"\">\n\t\t\t\t\t\t\t\t\t\t\t\t<div class=\"td-content-wrapper\"><div class=\"td-content\">\n\t\t\t\t\t\t\t\t\t\t\t\t\tMaterial do rolo\t\t\t\t\t\t\t\t\t\t\t\t<\/div><\/div>\n\t\t\t\t\t\t\t\t\t\t\t<\/td>\n\t\t\t\t\t\t\t\t\t\t\t\t\t\t\t\t\t\t\t\t\t\t\t\t\t\t\t\t\t   \t\t\t\t\t\t\t\t\t\t\t<td colspan=\"\" rowspan=\"\" class=\"\" id=\"\">\n\t\t\t\t\t\t\t\t\t\t\t\t<div class=\"td-content-wrapper\"><div class=\"td-content\">\n\t\t\t\t\t\t\t\t\t\t\t\t\tASTM 1045 HRC 58-60\t\t\t\t\t\t\t\t\t\t\t\t<\/div><\/div>\n\t\t\t\t\t\t\t\t\t\t\t<\/td>\n\t\t\t\t\t\t\t\t\t\t\t\t\t\t\t\t\t\t\t\t\t\t\t\t\t\t\t\t\t   \t\t\t\t\t\t\t\t\t\t\t<td colspan=\"\" rowspan=\"\" class=\"\" id=\"\">\n\t\t\t\t\t\t\t\t\t\t\t\t<div class=\"td-content-wrapper\"><div class=\"td-content\">\n\t\t\t\t\t\t\t\t\t\t\t\t\tD 2, HRC 62 graus\t\t\t\t\t\t\t\t\t\t\t\t<\/div><\/div>\n\t\t\t\t\t\t\t\t\t\t\t<\/td>\n\t\t\t\t\t\t\t\t\t\t\t\t\t\t\t\t\t\t\t\t\t\t\t\t\t\t<\/tr>\n\t\t\t        \t\t\t\t\t\t<tr>\n\t\t\t\t\t\t\t\t\t\t\t\t\t\t\t\t   \t\t\t\t\t\t\t\t\t\t\t<td colspan=\"\" rowspan=\"\" class=\"\" id=\"\">\n\t\t\t\t\t\t\t\t\t\t\t\t<div class=\"td-content-wrapper\"><div class=\"td-content\">\n\t\t\t\t\t\t\t\t\t\t\t\t\tMarca PLC\t\t\t\t\t\t\t\t\t\t\t\t<\/div><\/div>\n\t\t\t\t\t\t\t\t\t\t\t<\/td>\n\t\t\t\t\t\t\t\t\t\t\t\t\t\t\t\t\t\t\t\t\t\t\t\t\t\t\t\t\t   \t\t\t\t\t\t\t\t\t\t\t<td colspan=\"\" rowspan=\"\" class=\"\" id=\"\">\n\t\t\t\t\t\t\t\t\t\t\t\t<div class=\"td-content-wrapper\"><div class=\"td-content\">\n\t\t\t\t\t\t\t\t\t\t\t\t\tSiemens\t\t\t\t\t\t\t\t\t\t\t\t<\/div><\/div>\n\t\t\t\t\t\t\t\t\t\t\t<\/td>\n\t\t\t\t\t\t\t\t\t\t\t\t\t\t\t\t\t\t\t\t\t\t\t\t\t\t\t\t\t   \t\t\t\t\t\t\t\t\t\t\t<td colspan=\"\" rowspan=\"\" class=\"\" id=\"\">\n\t\t\t\t\t\t\t\t\t\t\t\t<div class=\"td-content-wrapper\"><div class=\"td-content\">\n\t\t\t\t\t\t\t\t\t\t\t\t\tPanasonic ou Mitsubishi\t\t\t\t\t\t\t\t\t\t\t\t<\/div><\/div>\n\t\t\t\t\t\t\t\t\t\t\t<\/td>\n\t\t\t\t\t\t\t\t\t\t\t\t\t\t\t\t\t\t\t\t\t\t\t\t\t\t<\/tr>\n\t\t\t        \t\t\t\t\t\t<tr>\n\t\t\t\t\t\t\t\t\t\t\t\t\t\t\t\t   \t\t\t\t\t\t\t\t\t\t\t<td colspan=\"\" rowspan=\"\" class=\"\" id=\"\">\n\t\t\t\t\t\t\t\t\t\t\t\t<div class=\"td-content-wrapper\"><div class=\"td-content\">\n\t\t\t\t\t\t\t\t\t\t\t\t\tM\u00e9todo de corte\t\t\t\t\t\t\t\t\t\t\t\t<\/div><\/div>\n\t\t\t\t\t\t\t\t\t\t\t<\/td>\n\t\t\t\t\t\t\t\t\t\t\t\t\t\t\t\t\t\t\t\t\t\t\t\t\t\t\t\t\t   \t\t\t\t\t\t\t\t\t\t\t<td colspan=\"\" rowspan=\"\" class=\"\" id=\"\">\n\t\t\t\t\t\t\t\t\t\t\t\t<div class=\"td-content-wrapper\"><div class=\"td-content\">\n\t\t\t\t\t\t\t\t\t\t\t\t\tCorte hidr\u00e1ulico\t\t\t\t\t\t\t\t\t\t\t\t<\/div><\/div>\n\t\t\t\t\t\t\t\t\t\t\t<\/td>\n\t\t\t\t\t\t\t\t\t\t\t\t\t\t\t\t\t\t\t\t\t\t\t\t\t\t\t\t\t   \t\t\t\t\t\t\t\t\t\t\t<td colspan=\"\" rowspan=\"\" class=\"\" id=\"\">\n\t\t\t\t\t\t\t\t\t\t\t\t<div class=\"td-content-wrapper\"><div class=\"td-content\">\n\t\t\t\t\t\t\t\t\t\t\t\t\tCorte hidr\u00e1ulico em voo, corte el\u00e9trico em voo\t\t\t\t\t\t\t\t\t\t\t\t<\/div><\/div>\n\t\t\t\t\t\t\t\t\t\t\t<\/td>\n\t\t\t\t\t\t\t\t\t\t\t\t\t\t\t\t\t\t\t\t\t\t\t\t\t\t<\/tr>\n\t\t\t        \t\t\t    <\/tbody>\n\t\t\t<\/table>\n\t\t<\/div>\n\t  \t\t\t\t\t<\/div>\n\t\t\t\t<div class=\"elementor-element elementor-element-71c89e9 elementor-widget elementor-widget-heading\" data-id=\"71c89e9\" data-element_type=\"widget\" data-e-type=\"widget\" data-widget_type=\"heading.default\">\n\t\t\t\t\t<h2 class=\"elementor-heading-title elementor-size-default\">Conclus\u00e3o<\/h2>\t\t\t\t<\/div>\n\t\t\t\t<div class=\"elementor-element elementor-element-753967a elementor-widget elementor-widget-text-editor\" data-id=\"753967a\" data-element_type=\"widget\" data-e-type=\"widget\" data-widget_type=\"text-editor.default\">\n\t\t\t\t\t\t\t\t\t<p>O<strong>M\u00e1quina de perfilagem de deck B de 1 polegada<\/strong>A m\u00e1quina de conforma\u00e7\u00e3o a rolo da Beli RollForming oferece velocidade, consist\u00eancia e durabilidade na produ\u00e7\u00e3o de lajes de a\u00e7o. Seja para a constru\u00e7\u00e3o de um telhado comercial ou de um galp\u00e3o industrial, esta m\u00e1quina otimiza seu fluxo de trabalho e reduz custos.<\/p><p>Para obter um or\u00e7amento personalizado ou solicitar uma demonstra\u00e7\u00e3o na f\u00e1brica, <a href=\"https:\/\/belirollforming.com\/pt\/contato\/\"><span class=\"hyc-common-markdown__link\"><span class=\"hyc-common-markdown__link__content\">Entre em contato com nossa equipe hoje mesmo.<\/span><\/span><\/a><a class=\"emoji_link emoji_font active\" href=\"https:\/\/www.emojiall.com\/zh-hans\/emoji\/%E2%86%97%EF%B8%8F\" target=\"_blank\" rel=\"noopener\">\u2197\ufe0f<\/a>. Explore nossa linha completa de produtos. <a href=\"https:\/\/belirollforming.com\/pt\/product\/\"><span class=\"hyc-common-markdown__link\"><span class=\"hyc-common-markdown__link__content\">m\u00e1quinas de perfilagem de rolos<\/span><\/span><\/a><a class=\"emoji_link emoji_font active\" href=\"https:\/\/www.emojiall.com\/zh-hans\/emoji\/%E2%86%97%EF%B8%8F\" target=\"_blank\" rel=\"noopener\">\u2197\ufe0f<\/a> Ou saiba mais sobre nossos servi\u00e7os de exporta\u00e7\u00e3o para compradores globais.<\/p><p>Invista em uma m\u00e1quina constru\u00edda para a excel\u00eancia \u2014 escolha a Beli RollForming.<\/p>\t\t\t\t\t\t\t\t<\/div>\n\t\t\t\t\t<\/div>\n\t\t\t\t<\/div>\n\t\t\t\t<\/div>","protected":false},"excerpt":{"rendered":"<p>A Beli RollForming, fabricante e exportadora de m\u00e1quinas de perfilagem de confian\u00e7a na China, apresenta o(a)...<strong>M\u00e1quina de perfilagem de decks de 1\u2033 B<\/strong>\u2014uma solu\u00e7\u00e3o de alta velocidade para a produ\u00e7\u00e3o de pain\u00e9is de a\u00e7o tipo B de 1 polegada de espessura, dur\u00e1veis e resistentes. Projetada para empreiteiros e fabricantes, esta m\u00e1quina combina automa\u00e7\u00e3o com precis\u00e3o para atender \u00e0s demandas de projetos modernos de cobertura e constru\u00e7\u00e3o.<\/p>","protected":false},"featured_media":2387,"comment_status":"open","ping_status":"closed","template":"","meta":{"_angie_page":false,"_gspb_post_css":"","_crdt_document":"","jetpack_publicize_message":"","jetpack_publicize_feature_enabled":true,"jetpack_social_post_already_shared":true,"jetpack_social_options":{"image_generator_settings":{"template":"highway","default_image_id":0,"font":"","enabled":false},"version":2},"_wpas_customize_per_network":false},"product_brand":[1431],"product_cat":[1390,1435],"product_tag":[1750,1748,1761,1747,1749,1758,1552,1757,1760,1755,1451,1752,1756,1754,1751,1759,1436,1753],"class_list":["post-2386","product","type-product","status-publish","has-post-thumbnail","product_brand-believe-industry-company","product_cat-construction-and-steel-structures","product_cat-us-standard-panel-machine-construction-steel-structures","product_tag-b-deck-floor-panel-machine","product_tag-b-deck-machine","product_tag-b-deck-making-equipment","product_tag-b-deck-roll-forming-machine","product_tag-b-profile-deck-machine","product_tag-beli-rollforming-usa","product_tag-china-roll-forming-equipment","product_tag-cold-roll-forming-b-deck","product_tag-composite-floor-deck-machine","product_tag-corrugated-deck-roll-former","product_tag-floor-decking-machine","product_tag-floor-decking-roll-forming-machine","product_tag-high-speed-b-deck-machine","product_tag-metal-deck-production-line","product_tag-steel-deck-roll-former","product_tag-structural-steel-deck-machine","product_tag-us-standard-metal-panel","product_tag-usa-deck-panel-machine","product_shipping_class-destination-and-container-quantity","first","instock","sale","shipping-taxable","purchasable","product-type-simple"],"jetpack_publicize_connections":[],"jetpack_likes_enabled":true,"jetpack_sharing_enabled":true,"jetpack-related-posts":[],"_links":{"self":[{"href":"https:\/\/belirollforming.com\/pt\/wp-json\/wp\/v2\/product\/2386","targetHints":{"allow":["GET"]}}],"collection":[{"href":"https:\/\/belirollforming.com\/pt\/wp-json\/wp\/v2\/product"}],"about":[{"href":"https:\/\/belirollforming.com\/pt\/wp-json\/wp\/v2\/types\/product"}],"replies":[{"embeddable":true,"href":"https:\/\/belirollforming.com\/pt\/wp-json\/wp\/v2\/comments?post=2386"}],"version-history":[{"count":14,"href":"https:\/\/belirollforming.com\/pt\/wp-json\/wp\/v2\/product\/2386\/revisions"}],"predecessor-version":[{"id":2406,"href":"https:\/\/belirollforming.com\/pt\/wp-json\/wp\/v2\/product\/2386\/revisions\/2406"}],"wp:featuredmedia":[{"embeddable":true,"href":"https:\/\/belirollforming.com\/pt\/wp-json\/wp\/v2\/media\/2387"}],"wp:attachment":[{"href":"https:\/\/belirollforming.com\/pt\/wp-json\/wp\/v2\/media?parent=2386"}],"wp:term":[{"taxonomy":"product_brand","embeddable":true,"href":"https:\/\/belirollforming.com\/pt\/wp-json\/wp\/v2\/product_brand?post=2386"},{"taxonomy":"product_cat","embeddable":true,"href":"https:\/\/belirollforming.com\/pt\/wp-json\/wp\/v2\/product_cat?post=2386"},{"taxonomy":"product_tag","embeddable":true,"href":"https:\/\/belirollforming.com\/pt\/wp-json\/wp\/v2\/product_tag?post=2386"}],"curies":[{"name":"wp","href":"https:\/\/api.w.org\/{rel}","templated":true}]}}